{"id":1886,"date":"2022-02-21T10:30:13","date_gmt":"2022-02-21T10:30:13","guid":{"rendered":"https:\/\/www.comec-italy.com\/contrafuertes\/"},"modified":"2022-02-24T16:19:17","modified_gmt":"2022-02-24T16:19:17","slug":"contrafuertes","status":"publish","type":"page","link":"https:\/\/www.comec-italy.com\/es\/contrafuertes\/","title":{"rendered":"Contrafuertes"},"content":{"rendered":"\t\t<div data-elementor-type=\"wp-page\" data-elementor-id=\"1886\" class=\"elementor elementor-1886 elementor-1575\" data-elementor-post-type=\"page\">\n\t\t\t\t\t\t<section class=\"elementor-section elementor-top-section elementor-element elementor-element-09ff35d elementor-section-boxed elementor-section-height-default elementor-section-height-default\" data-id=\"09ff35d\" data-element_type=\"section\">\n\t\t\t\t\t\t<div class=\"elementor-container elementor-column-gap-default\">\n\t\t\t\t\t<div class=\"elementor-column elementor-col-100 elementor-top-column elementor-element elementor-element-84a21a4\" data-id=\"84a21a4\" data-element_type=\"column\">\n\t\t\t<div class=\"elementor-widget-wrap\">\n\t\t\t\t\t\t\t<\/div>\n\t\t<\/div>\n\t\t\t\t\t<\/div>\n\t\t<\/section>\n\t\t\t\t<section class=\"elementor-section elementor-top-section elementor-element elementor-element-3db6efc elementor-section-height-min-height elementor-section-content-middle elementor-section-boxed elementor-section-height-default elementor-section-items-middle\" data-id=\"3db6efc\" data-element_type=\"section\" data-settings=\"{&quot;background_background&quot;:&quot;classic&quot;}\">\n\t\t\t\t\t\t<div class=\"elementor-container elementor-column-gap-default\">\n\t\t\t\t\t<div class=\"elementor-column elementor-col-100 elementor-top-column elementor-element elementor-element-31c4e21\" data-id=\"31c4e21\" data-element_type=\"column\" data-settings=\"{&quot;background_background&quot;:&quot;classic&quot;}\">\n\t\t\t<div class=\"elementor-widget-wrap elementor-element-populated\">\n\t\t\t\t\t\t<div class=\"elementor-element elementor-element-3380ee7 elementor-absolute elementor-widget elementor-widget-heading\" data-id=\"3380ee7\" data-element_type=\"widget\" data-settings=\"{&quot;_position&quot;:&quot;absolute&quot;}\" data-widget_type=\"heading.default\">\n\t\t\t\t<div class=\"elementor-widget-container\">\n\t\t\t\t\t<h2 class=\"elementor-heading-title elementor-size-default\">Contrafuertes<\/h2>\t\t\t\t<\/div>\n\t\t\t\t<\/div>\n\t\t\t\t\t<\/div>\n\t\t<\/div>\n\t\t\t\t\t<\/div>\n\t\t<\/section>\n\t\t\t\t<section class=\"elementor-section elementor-top-section elementor-element elementor-element-0c581cb elementor-section-boxed elementor-section-height-default elementor-section-height-default\" data-id=\"0c581cb\" data-element_type=\"section\">\n\t\t\t\t\t\t<div class=\"elementor-container elementor-column-gap-default\">\n\t\t\t\t\t<div class=\"elementor-column elementor-col-50 elementor-top-column elementor-element elementor-element-a168c89\" data-id=\"a168c89\" data-element_type=\"column\">\n\t\t\t<div class=\"elementor-widget-wrap elementor-element-populated\">\n\t\t\t\t\t\t<div class=\"elementor-element elementor-element-9d62b26 elementor-widget elementor-widget-heading\" data-id=\"9d62b26\" data-element_type=\"widget\" data-widget_type=\"heading.default\">\n\t\t\t\t<div class=\"elementor-widget-container\">\n\t\t\t\t\t<h2 class=\"elementor-heading-title elementor-size-default\">Maquinaria para la elaboraci\u00f3n de contrafuertes <\/h2>\t\t\t\t<\/div>\n\t\t\t\t<\/div>\n\t\t\t\t\t<\/div>\n\t\t<\/div>\n\t\t\t\t<div class=\"elementor-column elementor-col-50 elementor-top-column elementor-element elementor-element-26330a3\" data-id=\"26330a3\" data-element_type=\"column\">\n\t\t\t<div class=\"elementor-widget-wrap elementor-element-populated\">\n\t\t\t\t\t\t<div class=\"elementor-element elementor-element-5e2d67c elementor-widget elementor-widget-text-editor\" data-id=\"5e2d67c\" data-element_type=\"widget\" data-widget_type=\"text-editor.default\">\n\t\t\t\t<div class=\"elementor-widget-container\">\n\t\t\t\t\t\t\t\t\t<p>Hace 40 a\u00f1os que COMEC opera en el sector de la realizaci\u00f3n de maquinarias para la elaboraci\u00f3n de los contrafuertes, tanto de salpa como de material termopl\u00e1stico, y es la \u00fanica empresa que tiene la capacidad de suministrar plantas completas. Gracias al esfuerzo constante de investigaci\u00f3n y actualizaci\u00f3n que caracteriza su producci\u00f3n, COMEC ha realizado unas m\u00e1quinas para moldear autom\u00e1ticamente las plantillas y las suelas, entrando as\u00ed tambi\u00e9n en este sector. Las plantas COMEC est\u00e1n presentes tanto en Italia como en el extranjero.<\/p><p>COMEC entrega a sus clientes instrucciones detalladas para el uso de las m\u00e1quinas y asistencia t\u00e9cnica; adem\u00e1s puede proyectar y realizar tambi\u00e9n tipos de m\u00e1quinas e instalaciones seg\u00fan las exigencias del cliente. Adem\u00e1s COMEC sigue otro sector desde los comienzos de su actividad: el de los ladrillos. Se ha especializado en cortadoras, tanto tradicionales como electr\u00f3nicas (corte volante) y en la carga-descarga de carros de secadero.<\/p>\t\t\t\t\t\t\t\t<\/div>\n\t\t\t\t<\/div>\n\t\t\t\t\t<\/div>\n\t\t<\/div>\n\t\t\t\t\t<\/div>\n\t\t<\/section>\n\t\t\t\t<section class=\"elementor-section elementor-top-section elementor-element elementor-element-d0c1d5c elementor-section-boxed elementor-section-height-default elementor-section-height-default\" data-id=\"d0c1d5c\" data-element_type=\"section\">\n\t\t\t\t\t\t<div class=\"elementor-container elementor-column-gap-default\">\n\t\t\t\t\t<div class=\"elementor-column elementor-col-100 elementor-top-column elementor-element elementor-element-a07abc5\" data-id=\"a07abc5\" data-element_type=\"column\">\n\t\t\t<div class=\"elementor-widget-wrap elementor-element-populated\">\n\t\t\t\t\t\t<div class=\"elementor-element elementor-element-1eb6ba3 elementor-widget elementor-widget-heading\" data-id=\"1eb6ba3\" data-element_type=\"widget\" data-widget_type=\"heading.default\">\n\t\t\t\t<div class=\"elementor-widget-container\">\n\t\t\t\t\t<h2 class=\"elementor-heading-title elementor-size-default\">Pele regenerada<\/h2>\t\t\t\t<\/div>\n\t\t\t\t<\/div>\n\t\t\t\t\t<\/div>\n\t\t<\/div>\n\t\t\t\t\t<\/div>\n\t\t<\/section>\n\t\t\t\t<section class=\"elementor-section elementor-top-section elementor-element elementor-element-545c307 elementor-section-boxed elementor-section-height-default elementor-section-height-default\" data-id=\"545c307\" data-element_type=\"section\">\n\t\t\t\t\t\t<div class=\"elementor-container elementor-column-gap-default\">\n\t\t\t\t\t<div class=\"elementor-column elementor-col-100 elementor-top-column elementor-element elementor-element-46a0628\" data-id=\"46a0628\" data-element_type=\"column\">\n\t\t\t<div class=\"elementor-widget-wrap elementor-element-populated\">\n\t\t\t\t\t\t<div class=\"elementor-element elementor-element-00305e2 elementor-widget elementor-widget-heading\" data-id=\"00305e2\" data-element_type=\"widget\" data-widget_type=\"heading.default\">\n\t\t\t\t<div class=\"elementor-widget-container\">\n\t\t\t\t\t<h2 class=\"elementor-heading-title elementor-size-default\">Termopl\u00e1stico<\/h2>\t\t\t\t<\/div>\n\t\t\t\t<\/div>\n\t\t\t\t\t<\/div>\n\t\t<\/div>\n\t\t\t\t\t<\/div>\n\t\t<\/section>\n\t\t\t\t<section class=\"elementor-section elementor-top-section elementor-element elementor-element-68b3d4d elementor-section-boxed elementor-section-height-default elementor-section-height-default\" data-id=\"68b3d4d\" data-element_type=\"section\">\n\t\t\t\t\t\t<div class=\"elementor-container elementor-column-gap-default\">\n\t\t\t\t\t<div class=\"elementor-column elementor-col-100 elementor-top-column elementor-element elementor-element-b2e55bd\" data-id=\"b2e55bd\" data-element_type=\"column\">\n\t\t\t<div class=\"elementor-widget-wrap\">\n\t\t\t\t\t\t\t<\/div>\n\t\t<\/div>\n\t\t\t\t\t<\/div>\n\t\t<\/section>\n\t\t\t\t<\/div>\n\t\t","protected":false},"excerpt":{"rendered":"<p>Contrafuertes Maquinaria para la elaboraci\u00f3n de contrafuertes Hace 40 a\u00f1os que COMEC opera en el sector de la realizaci\u00f3n de maquinarias para la elaboraci\u00f3n de los contrafuertes, tanto de salpa como de material termopl\u00e1stico, y es la \u00fanica empresa que tiene la capacidad de suministrar plantas completas. Gracias al esfuerzo constante de investigaci\u00f3n y actualizaci\u00f3n [&hellip;]<\/p>\n","protected":false},"author":1,"featured_media":0,"parent":0,"menu_order":0,"comment_status":"closed","ping_status":"closed","template":"","meta":{"footnotes":""},"class_list":["post-1886","page","type-page","status-publish","hentry"],"yoast_head":"<!-- This site is optimized with the Yoast SEO plugin v26.4 - https:\/\/yoast.com\/wordpress\/plugins\/seo\/ -->\n<title>Contrafuertes - Comec<\/title>\n<meta name=\"robots\" content=\"index, follow, max-snippet:-1, max-image-preview:large, max-video-preview:-1\" \/>\n<link rel=\"canonical\" href=\"https:\/\/www.comec-italy.com\/es\/contrafuertes\/\" \/>\n<meta property=\"og:locale\" content=\"es_ES\" \/>\n<meta property=\"og:type\" content=\"article\" \/>\n<meta property=\"og:title\" content=\"Contrafuertes - Comec\" \/>\n<meta property=\"og:description\" content=\"Contrafuertes Maquinaria para la elaboraci\u00f3n de contrafuertes Hace 40 a\u00f1os que COMEC opera en el sector de la realizaci\u00f3n de maquinarias para la elaboraci\u00f3n de los contrafuertes, tanto de salpa como de material termopl\u00e1stico, y es la \u00fanica empresa que tiene la capacidad de suministrar plantas completas. Gracias al esfuerzo constante de investigaci\u00f3n y actualizaci\u00f3n [&hellip;]\" \/>\n<meta property=\"og:url\" content=\"https:\/\/www.comec-italy.com\/es\/contrafuertes\/\" \/>\n<meta property=\"og:site_name\" content=\"Comec\" \/>\n<meta property=\"article:modified_time\" content=\"2022-02-24T16:19:17+00:00\" \/>\n<meta name=\"twitter:card\" content=\"summary_large_image\" \/>\n<meta name=\"twitter:label1\" content=\"Tiempo de lectura\" \/>\n\t<meta name=\"twitter:data1\" content=\"1 minuto\" \/>\n<script type=\"application\/ld+json\" class=\"yoast-schema-graph\">{\"@context\":\"https:\/\/schema.org\",\"@graph\":[{\"@type\":\"WebPage\",\"@id\":\"https:\/\/www.comec-italy.com\/es\/contrafuertes\/\",\"url\":\"https:\/\/www.comec-italy.com\/es\/contrafuertes\/\",\"name\":\"Contrafuertes - Comec\",\"isPartOf\":{\"@id\":\"https:\/\/www.comec-italy.com\/es\/#website\"},\"datePublished\":\"2022-02-21T10:30:13+00:00\",\"dateModified\":\"2022-02-24T16:19:17+00:00\",\"breadcrumb\":{\"@id\":\"https:\/\/www.comec-italy.com\/es\/contrafuertes\/#breadcrumb\"},\"inLanguage\":\"es\",\"potentialAction\":[{\"@type\":\"ReadAction\",\"target\":[\"https:\/\/www.comec-italy.com\/es\/contrafuertes\/\"]}]},{\"@type\":\"BreadcrumbList\",\"@id\":\"https:\/\/www.comec-italy.com\/es\/contrafuertes\/#breadcrumb\",\"itemListElement\":[{\"@type\":\"ListItem\",\"position\":1,\"name\":\"Home\",\"item\":\"https:\/\/www.comec-italy.com\/es\/\"},{\"@type\":\"ListItem\",\"position\":2,\"name\":\"Contrafuertes\"}]},{\"@type\":\"WebSite\",\"@id\":\"https:\/\/www.comec-italy.com\/es\/#website\",\"url\":\"https:\/\/www.comec-italy.com\/es\/\",\"name\":\"Comec\",\"description\":\"Idee in movimento\",\"publisher\":{\"@id\":\"https:\/\/www.comec-italy.com\/es\/#organization\"},\"potentialAction\":[{\"@type\":\"SearchAction\",\"target\":{\"@type\":\"EntryPoint\",\"urlTemplate\":\"https:\/\/www.comec-italy.com\/es\/?s={search_term_string}\"},\"query-input\":{\"@type\":\"PropertyValueSpecification\",\"valueRequired\":true,\"valueName\":\"search_term_string\"}}],\"inLanguage\":\"es\"},{\"@type\":\"Organization\",\"@id\":\"https:\/\/www.comec-italy.com\/es\/#organization\",\"name\":\"Comec\",\"url\":\"https:\/\/www.comec-italy.com\/es\/\",\"logo\":{\"@type\":\"ImageObject\",\"inLanguage\":\"es\",\"@id\":\"https:\/\/www.comec-italy.com\/es\/#\/schema\/logo\/image\/\",\"url\":\"https:\/\/www.comec-italy.com\/wp-content\/uploads\/2021\/09\/COMEC_logo.png\",\"contentUrl\":\"https:\/\/www.comec-italy.com\/wp-content\/uploads\/2021\/09\/COMEC_logo.png\",\"width\":350,\"height\":100,\"caption\":\"Comec\"},\"image\":{\"@id\":\"https:\/\/www.comec-italy.com\/es\/#\/schema\/logo\/image\/\"}}]}<\/script>\n<!-- \/ Yoast SEO plugin. -->","yoast_head_json":{"title":"Contrafuertes - Comec","robots":{"index":"index","follow":"follow","max-snippet":"max-snippet:-1","max-image-preview":"max-image-preview:large","max-video-preview":"max-video-preview:-1"},"canonical":"https:\/\/www.comec-italy.com\/es\/contrafuertes\/","og_locale":"es_ES","og_type":"article","og_title":"Contrafuertes - Comec","og_description":"Contrafuertes Maquinaria para la elaboraci\u00f3n de contrafuertes Hace 40 a\u00f1os que COMEC opera en el sector de la realizaci\u00f3n de maquinarias para la elaboraci\u00f3n de los contrafuertes, tanto de salpa como de material termopl\u00e1stico, y es la \u00fanica empresa que tiene la capacidad de suministrar plantas completas. Gracias al esfuerzo constante de investigaci\u00f3n y actualizaci\u00f3n [&hellip;]","og_url":"https:\/\/www.comec-italy.com\/es\/contrafuertes\/","og_site_name":"Comec","article_modified_time":"2022-02-24T16:19:17+00:00","twitter_card":"summary_large_image","twitter_misc":{"Tiempo de lectura":"1 minuto"},"schema":{"@context":"https:\/\/schema.org","@graph":[{"@type":"WebPage","@id":"https:\/\/www.comec-italy.com\/es\/contrafuertes\/","url":"https:\/\/www.comec-italy.com\/es\/contrafuertes\/","name":"Contrafuertes - Comec","isPartOf":{"@id":"https:\/\/www.comec-italy.com\/es\/#website"},"datePublished":"2022-02-21T10:30:13+00:00","dateModified":"2022-02-24T16:19:17+00:00","breadcrumb":{"@id":"https:\/\/www.comec-italy.com\/es\/contrafuertes\/#breadcrumb"},"inLanguage":"es","potentialAction":[{"@type":"ReadAction","target":["https:\/\/www.comec-italy.com\/es\/contrafuertes\/"]}]},{"@type":"BreadcrumbList","@id":"https:\/\/www.comec-italy.com\/es\/contrafuertes\/#breadcrumb","itemListElement":[{"@type":"ListItem","position":1,"name":"Home","item":"https:\/\/www.comec-italy.com\/es\/"},{"@type":"ListItem","position":2,"name":"Contrafuertes"}]},{"@type":"WebSite","@id":"https:\/\/www.comec-italy.com\/es\/#website","url":"https:\/\/www.comec-italy.com\/es\/","name":"Comec","description":"Idee in movimento","publisher":{"@id":"https:\/\/www.comec-italy.com\/es\/#organization"},"potentialAction":[{"@type":"SearchAction","target":{"@type":"EntryPoint","urlTemplate":"https:\/\/www.comec-italy.com\/es\/?s={search_term_string}"},"query-input":{"@type":"PropertyValueSpecification","valueRequired":true,"valueName":"search_term_string"}}],"inLanguage":"es"},{"@type":"Organization","@id":"https:\/\/www.comec-italy.com\/es\/#organization","name":"Comec","url":"https:\/\/www.comec-italy.com\/es\/","logo":{"@type":"ImageObject","inLanguage":"es","@id":"https:\/\/www.comec-italy.com\/es\/#\/schema\/logo\/image\/","url":"https:\/\/www.comec-italy.com\/wp-content\/uploads\/2021\/09\/COMEC_logo.png","contentUrl":"https:\/\/www.comec-italy.com\/wp-content\/uploads\/2021\/09\/COMEC_logo.png","width":350,"height":100,"caption":"Comec"},"image":{"@id":"https:\/\/www.comec-italy.com\/es\/#\/schema\/logo\/image\/"}}]}},"_links":{"self":[{"href":"https:\/\/www.comec-italy.com\/es\/wp-json\/wp\/v2\/pages\/1886","targetHints":{"allow":["GET"]}}],"collection":[{"href":"https:\/\/www.comec-italy.com\/es\/wp-json\/wp\/v2\/pages"}],"about":[{"href":"https:\/\/www.comec-italy.com\/es\/wp-json\/wp\/v2\/types\/page"}],"author":[{"embeddable":true,"href":"https:\/\/www.comec-italy.com\/es\/wp-json\/wp\/v2\/users\/1"}],"replies":[{"embeddable":true,"href":"https:\/\/www.comec-italy.com\/es\/wp-json\/wp\/v2\/comments?post=1886"}],"version-history":[{"count":13,"href":"https:\/\/www.comec-italy.com\/es\/wp-json\/wp\/v2\/pages\/1886\/revisions"}],"predecessor-version":[{"id":1899,"href":"https:\/\/www.comec-italy.com\/es\/wp-json\/wp\/v2\/pages\/1886\/revisions\/1899"}],"wp:attachment":[{"href":"https:\/\/www.comec-italy.com\/es\/wp-json\/wp\/v2\/media?parent=1886"}],"curies":[{"name":"wp","href":"https:\/\/api.w.org\/{rel}","templated":true}]}}