{"id":1947,"date":"2022-02-21T11:14:38","date_gmt":"2022-02-21T11:14:38","guid":{"rendered":"https:\/\/www.comec-italy.com\/produtos-de-tijolo\/"},"modified":"2022-02-25T09:15:46","modified_gmt":"2022-02-25T09:15:46","slug":"produtos-de-tijolo","status":"publish","type":"page","link":"https:\/\/www.comec-italy.com\/pt-pt\/produtos-de-tijolo\/","title":{"rendered":"Produtos de tijolo"},"content":{"rendered":"\t\t<div data-elementor-type=\"wp-page\" data-elementor-id=\"1947\" class=\"elementor elementor-1947 elementor-1596\" data-elementor-post-type=\"page\">\n\t\t\t\t\t\t<section class=\"elementor-section elementor-top-section elementor-element elementor-element-09ff35d elementor-section-boxed elementor-section-height-default elementor-section-height-default\" data-id=\"09ff35d\" data-element_type=\"section\">\n\t\t\t\t\t\t<div class=\"elementor-container elementor-column-gap-default\">\n\t\t\t\t\t<div class=\"elementor-column elementor-col-100 elementor-top-column elementor-element elementor-element-84a21a4\" data-id=\"84a21a4\" data-element_type=\"column\">\n\t\t\t<div class=\"elementor-widget-wrap\">\n\t\t\t\t\t\t\t<\/div>\n\t\t<\/div>\n\t\t\t\t\t<\/div>\n\t\t<\/section>\n\t\t\t\t<section class=\"elementor-section elementor-top-section elementor-element elementor-element-3db6efc elementor-section-height-min-height elementor-section-content-middle elementor-section-boxed elementor-section-height-default elementor-section-items-middle\" data-id=\"3db6efc\" data-element_type=\"section\" data-settings=\"{&quot;background_background&quot;:&quot;classic&quot;}\">\n\t\t\t\t\t\t<div class=\"elementor-container elementor-column-gap-default\">\n\t\t\t\t\t<div class=\"elementor-column elementor-col-100 elementor-top-column elementor-element elementor-element-31c4e21\" data-id=\"31c4e21\" data-element_type=\"column\" data-settings=\"{&quot;background_background&quot;:&quot;classic&quot;}\">\n\t\t\t<div class=\"elementor-widget-wrap elementor-element-populated\">\n\t\t\t\t\t\t<div class=\"elementor-element elementor-element-3380ee7 elementor-absolute elementor-widget elementor-widget-heading\" data-id=\"3380ee7\" data-element_type=\"widget\" data-settings=\"{&quot;_position&quot;:&quot;absolute&quot;}\" data-widget_type=\"heading.default\">\n\t\t\t\t<div class=\"elementor-widget-container\">\n\t\t\t\t\t<h2 class=\"elementor-heading-title elementor-size-default\">Produtos de tijolo<\/h2>\t\t\t\t<\/div>\n\t\t\t\t<\/div>\n\t\t\t\t\t<\/div>\n\t\t<\/div>\n\t\t\t\t\t<\/div>\n\t\t<\/section>\n\t\t\t\t<section class=\"elementor-section elementor-top-section elementor-element elementor-element-0c581cb elementor-section-boxed elementor-section-height-default elementor-section-height-default\" data-id=\"0c581cb\" data-element_type=\"section\">\n\t\t\t\t\t\t<div class=\"elementor-container elementor-column-gap-default\">\n\t\t\t\t\t<div class=\"elementor-column elementor-col-50 elementor-top-column elementor-element elementor-element-a168c89\" data-id=\"a168c89\" data-element_type=\"column\">\n\t\t\t<div class=\"elementor-widget-wrap elementor-element-populated\">\n\t\t\t\t\t\t<div class=\"elementor-element elementor-element-9d62b26 elementor-widget elementor-widget-heading\" data-id=\"9d62b26\" data-element_type=\"widget\" data-widget_type=\"heading.default\">\n\t\t\t\t<div class=\"elementor-widget-container\">\n\t\t\t\t\t<h2 class=\"elementor-heading-title elementor-size-default\">M\u00e1quinas para tijolos<\/h2>\t\t\t\t<\/div>\n\t\t\t\t<\/div>\n\t\t\t\t\t<\/div>\n\t\t<\/div>\n\t\t\t\t<div class=\"elementor-column elementor-col-50 elementor-top-column elementor-element elementor-element-26330a3\" data-id=\"26330a3\" data-element_type=\"column\">\n\t\t\t<div class=\"elementor-widget-wrap elementor-element-populated\">\n\t\t\t\t\t\t<div class=\"elementor-element elementor-element-5e2d67c elementor-widget elementor-widget-text-editor\" data-id=\"5e2d67c\" data-element_type=\"widget\" data-widget_type=\"text-editor.default\">\n\t\t\t\t<div class=\"elementor-widget-container\">\n\t\t\t\t\t\t\t\t\tA Comec est\u00e1 presente h\u00e1 40 anos no mercado das m\u00e1quinas para acess\u00f3rios de cal\u00e7ado, contrafortes e entressolas, e acompanhou e continua a acompanhar outro setor que sempre foi de particular import\u00e2ncia para a sua produ\u00e7\u00e3o, o dos tijolos.\n<br><br>\n\u00c9 especializada em guilhotinas, quer tradicionais quer eletr\u00f3nicas (corte r\u00e1pido), e na carga\/descarga de carros de secagem.\t\t\t\t\t\t\t\t<\/div>\n\t\t\t\t<\/div>\n\t\t\t\t\t<\/div>\n\t\t<\/div>\n\t\t\t\t\t<\/div>\n\t\t<\/section>\n\t\t\t\t<section class=\"elementor-section elementor-top-section elementor-element elementor-element-d0c1d5c elementor-section-boxed elementor-section-height-default elementor-section-height-default\" data-id=\"d0c1d5c\" data-element_type=\"section\">\n\t\t\t\t\t\t<div class=\"elementor-container elementor-column-gap-default\">\n\t\t\t\t\t<div class=\"elementor-column elementor-col-100 elementor-top-column elementor-element elementor-element-a07abc5\" data-id=\"a07abc5\" data-element_type=\"column\">\n\t\t\t<div class=\"elementor-widget-wrap elementor-element-populated\">\n\t\t\t\t\t\t\t<\/div>\n\t\t<\/div>\n\t\t\t\t\t<\/div>\n\t\t<\/section>\n\t\t\t\t<section class=\"elementor-section elementor-top-section elementor-element elementor-element-68b3d4d elementor-section-boxed elementor-section-height-default elementor-section-height-default\" data-id=\"68b3d4d\" data-element_type=\"section\">\n\t\t\t\t\t\t<div class=\"elementor-container elementor-column-gap-default\">\n\t\t\t\t\t<div class=\"elementor-column elementor-col-100 elementor-top-column elementor-element elementor-element-b2e55bd\" data-id=\"b2e55bd\" data-element_type=\"column\">\n\t\t\t<div class=\"elementor-widget-wrap\">\n\t\t\t\t\t\t\t<\/div>\n\t\t<\/div>\n\t\t\t\t\t<\/div>\n\t\t<\/section>\n\t\t\t\t<\/div>\n\t\t","protected":false},"excerpt":{"rendered":"<p>Produtos de tijolo M\u00e1quinas para tijolos A Comec est\u00e1 presente h\u00e1 40 anos no mercado das m\u00e1quinas para acess\u00f3rios de cal\u00e7ado, contrafortes e entressolas, e acompanhou e continua a acompanhar outro setor que sempre foi de particular import\u00e2ncia para a sua produ\u00e7\u00e3o, o dos tijolos. \u00c9 especializada em guilhotinas, quer tradicionais quer eletr\u00f3nicas (corte r\u00e1pido), [&hellip;]<\/p>\n","protected":false},"author":1,"featured_media":0,"parent":0,"menu_order":0,"comment_status":"closed","ping_status":"closed","template":"","meta":{"footnotes":""},"class_list":["post-1947","page","type-page","status-publish","hentry"],"yoast_head":"<!-- This site is optimized with the Yoast SEO plugin v26.4 - https:\/\/yoast.com\/wordpress\/plugins\/seo\/ -->\n<title>Produtos de tijolo - Comec<\/title>\n<meta name=\"robots\" content=\"index, follow, max-snippet:-1, max-image-preview:large, max-video-preview:-1\" \/>\n<link rel=\"canonical\" href=\"https:\/\/www.comec-italy.com\/pt-pt\/produtos-de-tijolo\/\" \/>\n<meta property=\"og:locale\" content=\"pt_PT\" \/>\n<meta property=\"og:type\" content=\"article\" \/>\n<meta property=\"og:title\" content=\"Produtos de tijolo - Comec\" \/>\n<meta property=\"og:description\" content=\"Produtos de tijolo M\u00e1quinas para tijolos A Comec est\u00e1 presente h\u00e1 40 anos no mercado das m\u00e1quinas para acess\u00f3rios de cal\u00e7ado, contrafortes e entressolas, e acompanhou e continua a acompanhar outro setor que sempre foi de particular import\u00e2ncia para a sua produ\u00e7\u00e3o, o dos tijolos. \u00c9 especializada em guilhotinas, quer tradicionais quer eletr\u00f3nicas (corte r\u00e1pido), [&hellip;]\" \/>\n<meta property=\"og:url\" content=\"https:\/\/www.comec-italy.com\/pt-pt\/produtos-de-tijolo\/\" \/>\n<meta property=\"og:site_name\" content=\"Comec\" \/>\n<meta property=\"article:modified_time\" content=\"2022-02-25T09:15:46+00:00\" \/>\n<meta name=\"twitter:card\" content=\"summary_large_image\" \/>\n<script type=\"application\/ld+json\" class=\"yoast-schema-graph\">{\"@context\":\"https:\/\/schema.org\",\"@graph\":[{\"@type\":\"WebPage\",\"@id\":\"https:\/\/www.comec-italy.com\/pt-pt\/produtos-de-tijolo\/\",\"url\":\"https:\/\/www.comec-italy.com\/pt-pt\/produtos-de-tijolo\/\",\"name\":\"Produtos de tijolo - Comec\",\"isPartOf\":{\"@id\":\"https:\/\/www.comec-italy.com\/pt-pt\/#website\"},\"datePublished\":\"2022-02-21T11:14:38+00:00\",\"dateModified\":\"2022-02-25T09:15:46+00:00\",\"breadcrumb\":{\"@id\":\"https:\/\/www.comec-italy.com\/pt-pt\/produtos-de-tijolo\/#breadcrumb\"},\"inLanguage\":\"pt-PT\",\"potentialAction\":[{\"@type\":\"ReadAction\",\"target\":[\"https:\/\/www.comec-italy.com\/pt-pt\/produtos-de-tijolo\/\"]}]},{\"@type\":\"BreadcrumbList\",\"@id\":\"https:\/\/www.comec-italy.com\/pt-pt\/produtos-de-tijolo\/#breadcrumb\",\"itemListElement\":[{\"@type\":\"ListItem\",\"position\":1,\"name\":\"Home\",\"item\":\"https:\/\/www.comec-italy.com\/pt-pt\/\"},{\"@type\":\"ListItem\",\"position\":2,\"name\":\"Produtos de tijolo\"}]},{\"@type\":\"WebSite\",\"@id\":\"https:\/\/www.comec-italy.com\/pt-pt\/#website\",\"url\":\"https:\/\/www.comec-italy.com\/pt-pt\/\",\"name\":\"Comec\",\"description\":\"Idee in movimento\",\"publisher\":{\"@id\":\"https:\/\/www.comec-italy.com\/pt-pt\/#organization\"},\"potentialAction\":[{\"@type\":\"SearchAction\",\"target\":{\"@type\":\"EntryPoint\",\"urlTemplate\":\"https:\/\/www.comec-italy.com\/pt-pt\/?s={search_term_string}\"},\"query-input\":{\"@type\":\"PropertyValueSpecification\",\"valueRequired\":true,\"valueName\":\"search_term_string\"}}],\"inLanguage\":\"pt-PT\"},{\"@type\":\"Organization\",\"@id\":\"https:\/\/www.comec-italy.com\/pt-pt\/#organization\",\"name\":\"Comec\",\"url\":\"https:\/\/www.comec-italy.com\/pt-pt\/\",\"logo\":{\"@type\":\"ImageObject\",\"inLanguage\":\"pt-PT\",\"@id\":\"https:\/\/www.comec-italy.com\/pt-pt\/#\/schema\/logo\/image\/\",\"url\":\"https:\/\/www.comec-italy.com\/wp-content\/uploads\/2021\/09\/COMEC_logo.png\",\"contentUrl\":\"https:\/\/www.comec-italy.com\/wp-content\/uploads\/2021\/09\/COMEC_logo.png\",\"width\":350,\"height\":100,\"caption\":\"Comec\"},\"image\":{\"@id\":\"https:\/\/www.comec-italy.com\/pt-pt\/#\/schema\/logo\/image\/\"}}]}<\/script>\n<!-- \/ Yoast SEO plugin. -->","yoast_head_json":{"title":"Produtos de tijolo - Comec","robots":{"index":"index","follow":"follow","max-snippet":"max-snippet:-1","max-image-preview":"max-image-preview:large","max-video-preview":"max-video-preview:-1"},"canonical":"https:\/\/www.comec-italy.com\/pt-pt\/produtos-de-tijolo\/","og_locale":"pt_PT","og_type":"article","og_title":"Produtos de tijolo - Comec","og_description":"Produtos de tijolo M\u00e1quinas para tijolos A Comec est\u00e1 presente h\u00e1 40 anos no mercado das m\u00e1quinas para acess\u00f3rios de cal\u00e7ado, contrafortes e entressolas, e acompanhou e continua a acompanhar outro setor que sempre foi de particular import\u00e2ncia para a sua produ\u00e7\u00e3o, o dos tijolos. \u00c9 especializada em guilhotinas, quer tradicionais quer eletr\u00f3nicas (corte r\u00e1pido), [&hellip;]","og_url":"https:\/\/www.comec-italy.com\/pt-pt\/produtos-de-tijolo\/","og_site_name":"Comec","article_modified_time":"2022-02-25T09:15:46+00:00","twitter_card":"summary_large_image","schema":{"@context":"https:\/\/schema.org","@graph":[{"@type":"WebPage","@id":"https:\/\/www.comec-italy.com\/pt-pt\/produtos-de-tijolo\/","url":"https:\/\/www.comec-italy.com\/pt-pt\/produtos-de-tijolo\/","name":"Produtos de tijolo - Comec","isPartOf":{"@id":"https:\/\/www.comec-italy.com\/pt-pt\/#website"},"datePublished":"2022-02-21T11:14:38+00:00","dateModified":"2022-02-25T09:15:46+00:00","breadcrumb":{"@id":"https:\/\/www.comec-italy.com\/pt-pt\/produtos-de-tijolo\/#breadcrumb"},"inLanguage":"pt-PT","potentialAction":[{"@type":"ReadAction","target":["https:\/\/www.comec-italy.com\/pt-pt\/produtos-de-tijolo\/"]}]},{"@type":"BreadcrumbList","@id":"https:\/\/www.comec-italy.com\/pt-pt\/produtos-de-tijolo\/#breadcrumb","itemListElement":[{"@type":"ListItem","position":1,"name":"Home","item":"https:\/\/www.comec-italy.com\/pt-pt\/"},{"@type":"ListItem","position":2,"name":"Produtos de tijolo"}]},{"@type":"WebSite","@id":"https:\/\/www.comec-italy.com\/pt-pt\/#website","url":"https:\/\/www.comec-italy.com\/pt-pt\/","name":"Comec","description":"Idee in movimento","publisher":{"@id":"https:\/\/www.comec-italy.com\/pt-pt\/#organization"},"potentialAction":[{"@type":"SearchAction","target":{"@type":"EntryPoint","urlTemplate":"https:\/\/www.comec-italy.com\/pt-pt\/?s={search_term_string}"},"query-input":{"@type":"PropertyValueSpecification","valueRequired":true,"valueName":"search_term_string"}}],"inLanguage":"pt-PT"},{"@type":"Organization","@id":"https:\/\/www.comec-italy.com\/pt-pt\/#organization","name":"Comec","url":"https:\/\/www.comec-italy.com\/pt-pt\/","logo":{"@type":"ImageObject","inLanguage":"pt-PT","@id":"https:\/\/www.comec-italy.com\/pt-pt\/#\/schema\/logo\/image\/","url":"https:\/\/www.comec-italy.com\/wp-content\/uploads\/2021\/09\/COMEC_logo.png","contentUrl":"https:\/\/www.comec-italy.com\/wp-content\/uploads\/2021\/09\/COMEC_logo.png","width":350,"height":100,"caption":"Comec"},"image":{"@id":"https:\/\/www.comec-italy.com\/pt-pt\/#\/schema\/logo\/image\/"}}]}},"_links":{"self":[{"href":"https:\/\/www.comec-italy.com\/pt-pt\/wp-json\/wp\/v2\/pages\/1947","targetHints":{"allow":["GET"]}}],"collection":[{"href":"https:\/\/www.comec-italy.com\/pt-pt\/wp-json\/wp\/v2\/pages"}],"about":[{"href":"https:\/\/www.comec-italy.com\/pt-pt\/wp-json\/wp\/v2\/types\/page"}],"author":[{"embeddable":true,"href":"https:\/\/www.comec-italy.com\/pt-pt\/wp-json\/wp\/v2\/users\/1"}],"replies":[{"embeddable":true,"href":"https:\/\/www.comec-italy.com\/pt-pt\/wp-json\/wp\/v2\/comments?post=1947"}],"version-history":[{"count":7,"href":"https:\/\/www.comec-italy.com\/pt-pt\/wp-json\/wp\/v2\/pages\/1947\/revisions"}],"predecessor-version":[{"id":1954,"href":"https:\/\/www.comec-italy.com\/pt-pt\/wp-json\/wp\/v2\/pages\/1947\/revisions\/1954"}],"wp:attachment":[{"href":"https:\/\/www.comec-italy.com\/pt-pt\/wp-json\/wp\/v2\/media?parent=1947"}],"curies":[{"name":"wp","href":"https:\/\/api.w.org\/{rel}","templated":true}]}}