{"id":1959,"date":"2022-02-21T11:18:24","date_gmt":"2022-02-21T11:18:24","guid":{"rendered":"https:\/\/www.comec-italy.com\/entressolas\/"},"modified":"2022-02-25T09:20:09","modified_gmt":"2022-02-25T09:20:09","slug":"entressolas","status":"publish","type":"page","link":"https:\/\/www.comec-italy.com\/pt-pt\/entressolas\/","title":{"rendered":"Entressolas"},"content":{"rendered":"\t\t<div data-elementor-type=\"wp-page\" data-elementor-id=\"1959\" class=\"elementor elementor-1959 elementor-1601\" data-elementor-post-type=\"page\">\n\t\t\t\t\t\t<section class=\"elementor-section elementor-top-section elementor-element elementor-element-3db6efc elementor-section-height-min-height elementor-section-content-middle elementor-section-boxed elementor-section-height-default elementor-section-items-middle\" data-id=\"3db6efc\" data-element_type=\"section\" data-settings=\"{&quot;background_background&quot;:&quot;classic&quot;}\">\n\t\t\t\t\t\t<div class=\"elementor-container elementor-column-gap-default\">\n\t\t\t\t\t<div class=\"elementor-column elementor-col-100 elementor-top-column elementor-element elementor-element-31c4e21\" data-id=\"31c4e21\" data-element_type=\"column\" data-settings=\"{&quot;background_background&quot;:&quot;classic&quot;}\">\n\t\t\t<div class=\"elementor-widget-wrap elementor-element-populated\">\n\t\t\t\t\t\t<div class=\"elementor-element elementor-element-3380ee7 elementor-absolute elementor-widget elementor-widget-heading\" data-id=\"3380ee7\" data-element_type=\"widget\" data-settings=\"{&quot;_position&quot;:&quot;absolute&quot;}\" data-widget_type=\"heading.default\">\n\t\t\t\t<div class=\"elementor-widget-container\">\n\t\t\t\t\t<h2 class=\"elementor-heading-title elementor-size-default\">Entressolas<\/h2>\t\t\t\t<\/div>\n\t\t\t\t<\/div>\n\t\t\t\t\t<\/div>\n\t\t<\/div>\n\t\t\t\t\t<\/div>\n\t\t<\/section>\n\t\t\t\t<section class=\"elementor-section elementor-top-section elementor-element elementor-element-0c581cb elementor-section-boxed elementor-section-height-default elementor-section-height-default\" data-id=\"0c581cb\" data-element_type=\"section\">\n\t\t\t\t\t\t<div class=\"elementor-container elementor-column-gap-default\">\n\t\t\t\t\t<div class=\"elementor-column elementor-col-50 elementor-top-column elementor-element elementor-element-a168c89\" data-id=\"a168c89\" data-element_type=\"column\">\n\t\t\t<div class=\"elementor-widget-wrap elementor-element-populated\">\n\t\t\t\t\t\t<div class=\"elementor-element elementor-element-9d62b26 elementor-widget elementor-widget-heading\" data-id=\"9d62b26\" data-element_type=\"widget\" data-widget_type=\"heading.default\">\n\t\t\t\t<div class=\"elementor-widget-container\">\n\t\t\t\t\t<h2 class=\"elementor-heading-title elementor-size-default\">M\u00e1quinas para entressolas<\/h2>\t\t\t\t<\/div>\n\t\t\t\t<\/div>\n\t\t\t\t\t<\/div>\n\t\t<\/div>\n\t\t\t\t<div class=\"elementor-column elementor-col-50 elementor-top-column elementor-element elementor-element-26330a3\" data-id=\"26330a3\" data-element_type=\"column\">\n\t\t\t<div class=\"elementor-widget-wrap elementor-element-populated\">\n\t\t\t\t\t\t<div class=\"elementor-element elementor-element-5e2d67c elementor-widget elementor-widget-text-editor\" data-id=\"5e2d67c\" data-element_type=\"widget\" data-widget_type=\"text-editor.default\">\n\t\t\t\t<div class=\"elementor-widget-container\">\n\t\t\t\t\t\t\t\t\tA COMEC atua h\u00e1 mais de 40 anos no sector de fabrico de maquinarias para o processamento de contrafortes, tanto em pele regenerada como em material termopl\u00e1stico, sendo a \u00fanica empresa capaz de fornecer instala\u00e7\u00f5es completas. Gra\u00e7as ao trabalho constante de investiga\u00e7\u00e3o e atualiza\u00e7\u00e3o que caracteriza a sua produ\u00e7\u00e3o, a COMEC realizou m\u00e1quinas de moldar em autom\u00e1tico as entressolas e as solas e dessa forma inserindo-se tamb\u00e9m nesse sector. As instala\u00e7\u00f5es COMEC est\u00e3o presentes na It\u00e1lia e no exterior.\n<br><br>\nA COMEC fornece \u00e0 sua clientela instru\u00e7\u00f5es pormenorizadas para o uso das m\u00e1quinas e assist\u00eancia t\u00e9cnica; para al\u00e9m disso, \u00e9 capaz de projetar e realizar tamb\u00e9m outros tipos de m\u00e1quinas e instala\u00e7\u00f5es segundo as pr\u00f3prias exig\u00eancias. A COMEC est\u00e1 tamb\u00e9m presente em outro sector desde o in\u00edcio de sua atividade: o dos produtos de tijolo. \u00c9 especializada em cortadoras tradicionais e electr\u00f3nicas (corte em movimento) e carga-descarga carros forno de secagem.\t\t\t\t\t\t\t\t<\/div>\n\t\t\t\t<\/div>\n\t\t\t\t\t<\/div>\n\t\t<\/div>\n\t\t\t\t\t<\/div>\n\t\t<\/section>\n\t\t\t\t<section class=\"elementor-section elementor-top-section elementor-element elementor-element-d0c1d5c elementor-section-boxed elementor-section-height-default elementor-section-height-default\" data-id=\"d0c1d5c\" data-element_type=\"section\">\n\t\t\t\t\t\t<div class=\"elementor-container elementor-column-gap-default\">\n\t\t\t\t\t<div class=\"elementor-column elementor-col-100 elementor-top-column elementor-element elementor-element-a07abc5\" data-id=\"a07abc5\" data-element_type=\"column\">\n\t\t\t<div class=\"elementor-widget-wrap elementor-element-populated\">\n\t\t\t\t\t\t\t<\/div>\n\t\t<\/div>\n\t\t\t\t\t<\/div>\n\t\t<\/section>\n\t\t\t\t<section class=\"elementor-section elementor-top-section elementor-element elementor-element-68b3d4d elementor-section-boxed elementor-section-height-default elementor-section-height-default\" data-id=\"68b3d4d\" data-element_type=\"section\">\n\t\t\t\t\t\t<div class=\"elementor-container elementor-column-gap-default\">\n\t\t\t\t\t<div class=\"elementor-column elementor-col-100 elementor-top-column elementor-element elementor-element-b2e55bd\" data-id=\"b2e55bd\" data-element_type=\"column\">\n\t\t\t<div class=\"elementor-widget-wrap\">\n\t\t\t\t\t\t\t<\/div>\n\t\t<\/div>\n\t\t\t\t\t<\/div>\n\t\t<\/section>\n\t\t\t\t<\/div>\n\t\t","protected":false},"excerpt":{"rendered":"<p>Entressolas M\u00e1quinas para entressolas A COMEC atua h\u00e1 mais de 40 anos no sector de fabrico de maquinarias para o processamento de contrafortes, tanto em pele regenerada como em material termopl\u00e1stico, sendo a \u00fanica empresa capaz de fornecer instala\u00e7\u00f5es completas. Gra\u00e7as ao trabalho constante de investiga\u00e7\u00e3o e atualiza\u00e7\u00e3o que caracteriza a sua produ\u00e7\u00e3o, a COMEC [&hellip;]<\/p>\n","protected":false},"author":1,"featured_media":0,"parent":0,"menu_order":0,"comment_status":"closed","ping_status":"closed","template":"","meta":{"footnotes":""},"class_list":["post-1959","page","type-page","status-publish","hentry"],"yoast_head":"<!-- This site is optimized with the Yoast SEO plugin v26.4 - https:\/\/yoast.com\/wordpress\/plugins\/seo\/ -->\n<title>Entressolas - Comec<\/title>\n<meta name=\"robots\" content=\"index, follow, max-snippet:-1, max-image-preview:large, max-video-preview:-1\" \/>\n<link rel=\"canonical\" href=\"https:\/\/www.comec-italy.com\/pt-pt\/entressolas\/\" \/>\n<meta property=\"og:locale\" content=\"pt_PT\" \/>\n<meta property=\"og:type\" content=\"article\" \/>\n<meta property=\"og:title\" content=\"Entressolas - Comec\" \/>\n<meta property=\"og:description\" content=\"Entressolas M\u00e1quinas para entressolas A COMEC atua h\u00e1 mais de 40 anos no sector de fabrico de maquinarias para o processamento de contrafortes, tanto em pele regenerada como em material termopl\u00e1stico, sendo a \u00fanica empresa capaz de fornecer instala\u00e7\u00f5es completas. Gra\u00e7as ao trabalho constante de investiga\u00e7\u00e3o e atualiza\u00e7\u00e3o que caracteriza a sua produ\u00e7\u00e3o, a COMEC [&hellip;]\" \/>\n<meta property=\"og:url\" content=\"https:\/\/www.comec-italy.com\/pt-pt\/entressolas\/\" \/>\n<meta property=\"og:site_name\" content=\"Comec\" \/>\n<meta property=\"article:modified_time\" content=\"2022-02-25T09:20:09+00:00\" \/>\n<meta name=\"twitter:card\" content=\"summary_large_image\" \/>\n<meta name=\"twitter:label1\" content=\"Tempo estimado de leitura\" \/>\n\t<meta name=\"twitter:data1\" content=\"1 minuto\" \/>\n<script type=\"application\/ld+json\" class=\"yoast-schema-graph\">{\"@context\":\"https:\/\/schema.org\",\"@graph\":[{\"@type\":\"WebPage\",\"@id\":\"https:\/\/www.comec-italy.com\/pt-pt\/entressolas\/\",\"url\":\"https:\/\/www.comec-italy.com\/pt-pt\/entressolas\/\",\"name\":\"Entressolas - Comec\",\"isPartOf\":{\"@id\":\"https:\/\/www.comec-italy.com\/pt-pt\/#website\"},\"datePublished\":\"2022-02-21T11:18:24+00:00\",\"dateModified\":\"2022-02-25T09:20:09+00:00\",\"breadcrumb\":{\"@id\":\"https:\/\/www.comec-italy.com\/pt-pt\/entressolas\/#breadcrumb\"},\"inLanguage\":\"pt-PT\",\"potentialAction\":[{\"@type\":\"ReadAction\",\"target\":[\"https:\/\/www.comec-italy.com\/pt-pt\/entressolas\/\"]}]},{\"@type\":\"BreadcrumbList\",\"@id\":\"https:\/\/www.comec-italy.com\/pt-pt\/entressolas\/#breadcrumb\",\"itemListElement\":[{\"@type\":\"ListItem\",\"position\":1,\"name\":\"Home\",\"item\":\"https:\/\/www.comec-italy.com\/pt-pt\/\"},{\"@type\":\"ListItem\",\"position\":2,\"name\":\"Entressolas\"}]},{\"@type\":\"WebSite\",\"@id\":\"https:\/\/www.comec-italy.com\/pt-pt\/#website\",\"url\":\"https:\/\/www.comec-italy.com\/pt-pt\/\",\"name\":\"Comec\",\"description\":\"Idee in movimento\",\"publisher\":{\"@id\":\"https:\/\/www.comec-italy.com\/pt-pt\/#organization\"},\"potentialAction\":[{\"@type\":\"SearchAction\",\"target\":{\"@type\":\"EntryPoint\",\"urlTemplate\":\"https:\/\/www.comec-italy.com\/pt-pt\/?s={search_term_string}\"},\"query-input\":{\"@type\":\"PropertyValueSpecification\",\"valueRequired\":true,\"valueName\":\"search_term_string\"}}],\"inLanguage\":\"pt-PT\"},{\"@type\":\"Organization\",\"@id\":\"https:\/\/www.comec-italy.com\/pt-pt\/#organization\",\"name\":\"Comec\",\"url\":\"https:\/\/www.comec-italy.com\/pt-pt\/\",\"logo\":{\"@type\":\"ImageObject\",\"inLanguage\":\"pt-PT\",\"@id\":\"https:\/\/www.comec-italy.com\/pt-pt\/#\/schema\/logo\/image\/\",\"url\":\"https:\/\/www.comec-italy.com\/wp-content\/uploads\/2021\/09\/COMEC_logo.png\",\"contentUrl\":\"https:\/\/www.comec-italy.com\/wp-content\/uploads\/2021\/09\/COMEC_logo.png\",\"width\":350,\"height\":100,\"caption\":\"Comec\"},\"image\":{\"@id\":\"https:\/\/www.comec-italy.com\/pt-pt\/#\/schema\/logo\/image\/\"}}]}<\/script>\n<!-- \/ Yoast SEO plugin. -->","yoast_head_json":{"title":"Entressolas - Comec","robots":{"index":"index","follow":"follow","max-snippet":"max-snippet:-1","max-image-preview":"max-image-preview:large","max-video-preview":"max-video-preview:-1"},"canonical":"https:\/\/www.comec-italy.com\/pt-pt\/entressolas\/","og_locale":"pt_PT","og_type":"article","og_title":"Entressolas - Comec","og_description":"Entressolas M\u00e1quinas para entressolas A COMEC atua h\u00e1 mais de 40 anos no sector de fabrico de maquinarias para o processamento de contrafortes, tanto em pele regenerada como em material termopl\u00e1stico, sendo a \u00fanica empresa capaz de fornecer instala\u00e7\u00f5es completas. Gra\u00e7as ao trabalho constante de investiga\u00e7\u00e3o e atualiza\u00e7\u00e3o que caracteriza a sua produ\u00e7\u00e3o, a COMEC [&hellip;]","og_url":"https:\/\/www.comec-italy.com\/pt-pt\/entressolas\/","og_site_name":"Comec","article_modified_time":"2022-02-25T09:20:09+00:00","twitter_card":"summary_large_image","twitter_misc":{"Tempo estimado de leitura":"1 minuto"},"schema":{"@context":"https:\/\/schema.org","@graph":[{"@type":"WebPage","@id":"https:\/\/www.comec-italy.com\/pt-pt\/entressolas\/","url":"https:\/\/www.comec-italy.com\/pt-pt\/entressolas\/","name":"Entressolas - Comec","isPartOf":{"@id":"https:\/\/www.comec-italy.com\/pt-pt\/#website"},"datePublished":"2022-02-21T11:18:24+00:00","dateModified":"2022-02-25T09:20:09+00:00","breadcrumb":{"@id":"https:\/\/www.comec-italy.com\/pt-pt\/entressolas\/#breadcrumb"},"inLanguage":"pt-PT","potentialAction":[{"@type":"ReadAction","target":["https:\/\/www.comec-italy.com\/pt-pt\/entressolas\/"]}]},{"@type":"BreadcrumbList","@id":"https:\/\/www.comec-italy.com\/pt-pt\/entressolas\/#breadcrumb","itemListElement":[{"@type":"ListItem","position":1,"name":"Home","item":"https:\/\/www.comec-italy.com\/pt-pt\/"},{"@type":"ListItem","position":2,"name":"Entressolas"}]},{"@type":"WebSite","@id":"https:\/\/www.comec-italy.com\/pt-pt\/#website","url":"https:\/\/www.comec-italy.com\/pt-pt\/","name":"Comec","description":"Idee in movimento","publisher":{"@id":"https:\/\/www.comec-italy.com\/pt-pt\/#organization"},"potentialAction":[{"@type":"SearchAction","target":{"@type":"EntryPoint","urlTemplate":"https:\/\/www.comec-italy.com\/pt-pt\/?s={search_term_string}"},"query-input":{"@type":"PropertyValueSpecification","valueRequired":true,"valueName":"search_term_string"}}],"inLanguage":"pt-PT"},{"@type":"Organization","@id":"https:\/\/www.comec-italy.com\/pt-pt\/#organization","name":"Comec","url":"https:\/\/www.comec-italy.com\/pt-pt\/","logo":{"@type":"ImageObject","inLanguage":"pt-PT","@id":"https:\/\/www.comec-italy.com\/pt-pt\/#\/schema\/logo\/image\/","url":"https:\/\/www.comec-italy.com\/wp-content\/uploads\/2021\/09\/COMEC_logo.png","contentUrl":"https:\/\/www.comec-italy.com\/wp-content\/uploads\/2021\/09\/COMEC_logo.png","width":350,"height":100,"caption":"Comec"},"image":{"@id":"https:\/\/www.comec-italy.com\/pt-pt\/#\/schema\/logo\/image\/"}}]}},"_links":{"self":[{"href":"https:\/\/www.comec-italy.com\/pt-pt\/wp-json\/wp\/v2\/pages\/1959","targetHints":{"allow":["GET"]}}],"collection":[{"href":"https:\/\/www.comec-italy.com\/pt-pt\/wp-json\/wp\/v2\/pages"}],"about":[{"href":"https:\/\/www.comec-italy.com\/pt-pt\/wp-json\/wp\/v2\/types\/page"}],"author":[{"embeddable":true,"href":"https:\/\/www.comec-italy.com\/pt-pt\/wp-json\/wp\/v2\/users\/1"}],"replies":[{"embeddable":true,"href":"https:\/\/www.comec-italy.com\/pt-pt\/wp-json\/wp\/v2\/comments?post=1959"}],"version-history":[{"count":3,"href":"https:\/\/www.comec-italy.com\/pt-pt\/wp-json\/wp\/v2\/pages\/1959\/revisions"}],"predecessor-version":[{"id":1962,"href":"https:\/\/www.comec-italy.com\/pt-pt\/wp-json\/wp\/v2\/pages\/1959\/revisions\/1962"}],"wp:attachment":[{"href":"https:\/\/www.comec-italy.com\/pt-pt\/wp-json\/wp\/v2\/media?parent=1959"}],"curies":[{"name":"wp","href":"https:\/\/api.w.org\/{rel}","templated":true}]}}